{"id":8495,"date":"2021-10-25T19:01:41","date_gmt":"2021-10-25T17:01:41","guid":{"rendered":"https:\/\/www.smolio.ch\/financial-knowledge-for-start-ups-and-smes\/"},"modified":"2024-09-16T19:12:58","modified_gmt":"2024-09-16T17:12:58","slug":"financial-knowledge-for-start-ups-and-smes","status":"publish","type":"page","link":"https:\/\/www.smolio.ch\/en\/financial-knowledge-for-start-ups-and-smes\/","title":{"rendered":"Financial knowledge for start-ups and SMEs"},"content":{"rendered":"\n<div class=\"alignfull wp-block-ugb-header ugb-header ugb-b393bc4 ugb-header ugb-header--v3 ugb-header--design-plain ugb-main-block ugb--has-custom-content-width-mobile ugb-main-block--inner-center ugb--has-block-background ugb--has-background-overlay\"><style>.ugb-b393bc4 .ugb-header__title{color:#02b875;text-align:left !important}.ugb-b393bc4 .ugb-header__subtitle{color:#7D7D7D}.ugb-b393bc4 .ugb-header__buttons{justify-content:flex-start !important}.ugb-b393bc4 .ugb-button1 .ugb-button--inner{font-family:\"Poppins\",Sans-serif !important}.ugb-b393bc4 .ugb-button1{background-color:#192483;border-radius:24px !important}.ugb-b393bc4 .ugb-button1 .ugb-button--inner,.ugb-b393bc4 .ugb-button1 svg:not(.ugb-custom-icon){color:var(--stk-global-color-8235,#ffffff) !important}.ugb-b393bc4 .ugb-button1:hover{opacity:0.9}.ugb-b393bc4 .ugb-button1:before{border-radius:24px !important}.ugb-b393bc4 .ugb-inner-block{text-align:left}.ugb-b393bc4.ugb-header{justify-content:flex-start;background-image:url(https:\/\/smolio-storage.s3.eu-central-1.amazonaws.com\/wp-content\/uploads\/2020\/12\/13121233\/finanzwissen-smolio-women-smartphone-2280w.jpg)}.ugb-b393bc4.ugb-header:before{opacity:0.5}@media screen and (min-width:768px){.ugb-b393bc4 > .ugb-inner-block > .ugb-block-content > *{justify-content:center !important}}@media screen and (max-width:1025px){.ugb-b393bc4 .ugb-button1 .ugb-button--inner{font-size:18px !important}}@media screen and (max-width:768px){.ugb-b393bc4 .ugb-header__title{font-size:28px !important}.ugb-b393bc4.ugb-header{justify-content:flex-start;background-image:url(https:\/\/smolio-storage.s3.eu-central-1.amazonaws.com\/wp-content\/uploads\/2020\/12\/13130434\/finanzwissen-smolio-chart-690w-1.png)}.ugb-b393bc4.ugb-header > .ugb-inner-block{max-width:90% !important}.ugb-b393bc4.ugb-header:before{opacity:0.5}}<\/style><div class=\"ugb-inner-block ugb-inner-block--center\"><div class=\"ugb-block-content\"><div class=\"ugb-header__item\"><div class=\"ugb-content-wrapper\"><h1 class=\"ugb-header__title\"><meta charset=\"utf-8\"\/>Mehr Geld f\u00fcr dich <br\/>und deine Mitarbeiter:in<\/h1><p class=\"ugb-header__subtitle\"><meta charset=\"utf-8\"\/>Smolios Mission ist es Finanzwissen <br\/>zu vermitteln. Das manchen wir sowohl<br\/>f\u00fcr Privatpersonen, als auch f\u00fcr KMUs.<\/p><div class=\"ugb-header__buttons\"><div class=\"ugb-button-container\"><a class=\"ugb-button1 ugb-button ugb-button--size-normal\" href=\"https:\/\/www.smolio.ch\/kontakt\/\" rel=\"\" title=\"\"><span class=\"ugb-button--inner\">Individuelle L\u00f6sung besprechen<\/span><\/a><\/div><\/div><\/div><\/div><\/div><\/div><\/div>\n\n<div class=\"alignfull wp-block-ugb-testimonial ugb-testimonial ugb-cccd0fb ugb-testimonial--v3 ugb-testimonial--columns-1 ugb-testimonial--design-plain ugb-main-block ugb--has-custom-content-width-tablet ugb-main-block--inner-center ugb--has-block-background\"><style>.ugb-cccd0fb .ugb-testimonial__body{font-size:20px !important;color:var(--stk-global-color-24372,#ffffff) !important;text-align:center !important;margin-bottom:45px !important}.ugb-cccd0fb .ugb-img{-webkit-mask-image:url('data:image\/svg+xml;base64,PHN2ZyB4bWxucz0iaHR0cDovL3d3dy53My5vcmcvMjAwMC9zdmciIHZpZXdCb3g9IjAgMCAxMDAgMTAwIj48Y2lyY2xlIGN4PSI1MCIgY3k9IjUwIiByPSI1MCI+PC9jaXJjbGU+PC9zdmc+');mask-image:url('data:image\/svg+xml;base64,PHN2ZyB4bWxucz0iaHR0cDovL3d3dy53My5vcmcvMjAwMC9zdmciIHZpZXdCb3g9IjAgMCAxMDAgMTAwIj48Y2lyY2xlIGN4PSI1MCIgY3k9IjUwIiByPSI1MCI+PC9jaXJjbGU+PC9zdmc+')}.ugb-cccd0fb .ugb-img,.ugb-cccd0fb .ugb-testimonial__image{margin-left:auto !important;margin-right:auto !important}.ugb-cccd0fb .ugb-testimonial__name{font-weight:normal !important;color:#ffffff !important;text-align:center}.ugb-cccd0fb .ugb-inner-block{text-align:center}.ugb-cccd0fb.ugb-testimonial{background-color:#02b875}.ugb-cccd0fb.ugb-testimonial:before{background-color:#02b875}@media screen and (min-width:768px){.ugb-cccd0fb .ugb-img{width:100px;height:auto !important}.ugb-cccd0fb .ugb-testimonial__image{width:100px !important}.ugb-cccd0fb.ugb-testimonial{margin-bottom:80px !important;padding-left:0px !important}}@media screen and (max-width:1025px){.ugb-cccd0fb.ugb-testimonial{justify-content:flex-start}.ugb-cccd0fb.ugb-testimonial > .ugb-inner-block{max-width:80% !important}}@media screen and (min-width:768px) and (max-width:1025px){.ugb-cccd0fb.ugb-testimonial{padding-top:10% !important;padding-right:10% !important;padding-bottom:10% !important;padding-left:10% !important}}@media screen and (max-width:768px){.ugb-cccd0fb.ugb-testimonial{padding-left:18% !important}}<\/style><div class=\"ugb-inner-block ugb-inner-block--center\"><div class=\"ugb-block-content\"><div class=\"ugb-testimonial__item ugb-testimonial__item1\"><div class=\"ugb-testimonial__body-wrapper\"><p class=\"ugb-testimonial__body\">\u00abH\u00e4tte ich das Smolio-Cockpit schon vor 10 Jahren gehabt, dann h\u00e4tte ich viel fr\u00fcher angefangen zu sparen und Geld anzulegen!\u00bb<\/p><\/div><div class=\"ugb-testimonial__person\"><div class=\"ugb-testimonial__image\"><img decoding=\"async\" class=\"ugb-img wp-image-4363 ugb-img--shape\" src=\"https:\/\/smolio-storage.s3.eu-central-1.amazonaws.com\/wp-content\/uploads\/2020\/12\/12170001\/testimonial-daniel%402x.png\" alt=\"Daniel, Bern\" title=\"\"><\/div><h4 class=\"ugb-testimonial__name\">Daniel, Bern<\/h4><\/div><\/div><\/div><\/div><\/div>\n","protected":false},"excerpt":{"rendered":"<p>Mehr Geld f\u00fcr dich und deine Mitarbeiter:in Smolios Mission ist es Finanzwissen zu vermitteln. Das manchen wir sowohlf\u00fcr Privatpersonen, als auch f\u00fcr KMUs. Individuelle L\u00f6sung besprechen \u00abH\u00e4tte ich das Smolio-Cockpit schon vor 10 Jahren gehabt, dann h\u00e4tte ich viel fr\u00fcher angefangen zu sparen und Geld anzulegen!\u00bb Daniel, Bern<\/p>\n","protected":false},"author":2,"featured_media":0,"parent":0,"menu_order":0,"comment_status":"closed","ping_status":"closed","template":"","meta":{"footnotes":""},"class_list":["post-8495","page","type-page","status-publish"],"featured_image_urls_v2":{"full":"","thumbnail":"","medium":"","medium_large":"","large":"","1536x1536":"","2048x2048":"","davenport-blog-thumb":"","davenport-blog-thumb-grid":"","davenport-blog-thumb-widget":"","davenport-blog-thumb-masonry":"","woocommerce_thumbnail":"","woocommerce_single":"","woocommerce_gallery_thumbnail":""},"post_excerpt_stackable_v2":"<p>Mehr Geld f\u00fcr dich und deine Mitarbeiter:inSmolios Mission ist es Finanzwissen zu vermitteln. Das manchen wir sowohlf\u00fcr Privatpersonen, als auch f\u00fcr KMUs.Individuelle L\u00f6sung besprechen \u00abH\u00e4tte ich das Smolio-Cockpit schon vor 10 Jahren gehabt, dann h\u00e4tte ich viel fr\u00fcher angefangen zu sparen und Geld anzulegen!\u00bbDaniel, Bern<\/p>\n","category_list_v2":"","author_info_v2":{"name":"Adrian","url":"https:\/\/www.smolio.ch\/en\/wissen\/author\/adrian\/"},"comments_num_v2":"0 comments","_links":{"self":[{"href":"https:\/\/www.smolio.ch\/en\/wp-json\/wp\/v2\/pages\/8495","targetHints":{"allow":["GET"]}}],"collection":[{"href":"https:\/\/www.smolio.ch\/en\/wp-json\/wp\/v2\/pages"}],"about":[{"href":"https:\/\/www.smolio.ch\/en\/wp-json\/wp\/v2\/types\/page"}],"author":[{"embeddable":true,"href":"https:\/\/www.smolio.ch\/en\/wp-json\/wp\/v2\/users\/2"}],"replies":[{"embeddable":true,"href":"https:\/\/www.smolio.ch\/en\/wp-json\/wp\/v2\/comments?post=8495"}],"version-history":[{"count":1,"href":"https:\/\/www.smolio.ch\/en\/wp-json\/wp\/v2\/pages\/8495\/revisions"}],"predecessor-version":[{"id":8496,"href":"https:\/\/www.smolio.ch\/en\/wp-json\/wp\/v2\/pages\/8495\/revisions\/8496"}],"wp:attachment":[{"href":"https:\/\/www.smolio.ch\/en\/wp-json\/wp\/v2\/media?parent=8495"}],"curies":[{"name":"wp","href":"https:\/\/api.w.org\/{rel}","templated":true}]}}